{"id":1813,"date":"2019-07-28T11:24:59","date_gmt":"2019-07-28T09:24:59","guid":{"rendered":"https:\/\/kipfer-logistik.ch\/datenschutzerklarung\/"},"modified":"2020-12-21T10:46:18","modified_gmt":"2020-12-21T09:46:18","slug":"privacy-policy","status":"publish","type":"page","link":"https:\/\/kipfer-logistik.ch\/en\/privacy-policy\/","title":{"rendered":"Privacy Policy"},"content":{"rendered":"<div id='av_section_1'  class='avia-section av-ka6hhle6-34080b2825b9066f85c5e25aeb6186e3 main_color avia-section-huge avia-no-border-styling  avia-builder-el-0  avia-builder-el-no-sibling  avia-bg-style-scroll container_wrap sidebar_right'  ><div class='container av-section-cont-open' ><main  role=\"main\" itemprop=\"mainContentOfPage\"  class='template-page content  av-content-small alpha units'><div class='post-entry post-entry-type-page post-entry-1813'><div class='entry-content-wrapper clearfix'>\n\n<style type=\"text\/css\" data-created_by=\"avia_inline_auto\" id=\"style-css-av-2dkzq-aa581e2b4dec18af499b100469dbb97c\">\n.flex_column.av-2dkzq-aa581e2b4dec18af499b100469dbb97c{\nborder-radius:0px 0px 0px 0px;\npadding:0px 0px 0px 0px;\n}\n<\/style>\n<div  class='flex_column av-2dkzq-aa581e2b4dec18af499b100469dbb97c av_one_full  avia-builder-el-1  avia-builder-el-no-sibling  first flex_column_div av-zero-column-padding  '     ><p>\n<style type=\"text\/css\" data-created_by=\"avia_inline_auto\" id=\"style-css-av-av_heading-692509771ad7fbb47f8781cb03334b6d\">\n#top .av-special-heading.av-av_heading-692509771ad7fbb47f8781cb03334b6d{\npadding-bottom:10px;\n}\nbody .av-special-heading.av-av_heading-692509771ad7fbb47f8781cb03334b6d .av-special-heading-tag .heading-char{\nfont-size:25px;\n}\n.av-special-heading.av-av_heading-692509771ad7fbb47f8781cb03334b6d .av-subheading{\nfont-size:15px;\n}\n<\/style>\n<div  class='av-special-heading av-av_heading-692509771ad7fbb47f8781cb03334b6d av-special-heading-h2 blockquote modern-quote  avia-builder-el-2  el_before_av_hr  avia-builder-el-first '><h2 class='av-special-heading-tag'  itemprop=\"headline\"  >Privacy Policy<\/h2><div class=\"special-heading-border\"><div class=\"special-heading-inner-border\"><\/div><\/div><\/div><br \/>\n<div  class='hr av-1btnm-0aa3edb1520ede8495e6aee0d73ae500 hr-default  avia-builder-el-3  el_after_av_heading  el_before_av_textblock '><span class='hr-inner '><span class=\"hr-inner-style\"><\/span><\/span><\/div><br \/>\n<section  class='av_textblock_section av-ka6hjcnk-4ae2acd2cb159e208501bf6fecde7205 '   itemscope=\"itemscope\" itemtype=\"https:\/\/schema.org\/CreativeWork\" ><div class='avia_textblock'  itemprop=\"text\" ><p><span style=\"font-weight: 400;\">Gest\u00fctzt auf Artikel 13 der schweizerischen Bundesverfassung und die datenschutzrechtlichen Bestimmungen des Bundes (Datenschutzgesetz, DSG) hat jede Person Anspruch auf Schutz ihrer Privatsph\u00e4re sowie auf Schutz vor Missbrauch ihrer pers\u00f6nlichen Daten. Wir halten diese Bestimmungen strikt ein. Pers\u00f6nliche Daten werden streng vertraulich behandelt und weder an Dritte verkauft noch weitergegeben.<\/span><\/p>\n<p><span style=\"font-weight: 400;\">In enger Zusammenarbeit mit unserem Hosting-Provider bem\u00fchen wir uns, die Datenbanken so gut wie m\u00f6glich vor fremden Zugriffen, Verlusten, Missbrauch oder vor F\u00e4lschung zu sch\u00fctzen. Beim Zugriff auf unsere Webseiten werden folgende Daten in Logfiles gespeichert: IP-Adresse, Datum, Uhrzeit, Browser-Anfrage und allg. \u00fcbertragene Informationen zum Betriebssystem resp. Browser. Diese Nutzungsdaten bilden die Basis f\u00fcr statistische, anonyme Auswertungen, so dass Trends erkennbar sind, anhand derer wir unsere Angebote entsprechend verbessern k\u00f6nnen.<\/span><\/p>\n<p><b>Wer sind wir?<\/b><\/p>\n<p><span style=\"font-weight: 400;\">Diese Webseite und deren Inhalt wird durch eine private Person ohne kommerzielle Interessen zur Verf\u00fcgung gestellt. Verantwortliche Stelle im Sinne der Datenschutzgesetze, insbesondere der EU-Datenschutzgrundverordnung (DSGVO), lautet:<\/span><\/p>\n<p>Kipfer Logistik<\/p>\n<p>+41 61 926 70 20<br \/>\n<a href=\"mailto:dispo@kipfer-logistik.ch\">dispo@kipfer-logistik.ch<\/a><\/p>\n<p><b>Welche personenbezogenen Daten wir sammeln und warum wir sie sammeln<\/b><\/p>\n<p><span style=\"font-weight: 400;\">Wenn Sie auf diese Webseite zugreifen werden automatisch Informationen allgemeiner Natur erfasst. Diese Informationen werden im Server-Logfile erfasst und beinhalten die Art des Webbrowsers, das verwendete Betriebssystem, den Domainnamen Ihres Internet-Service-Providers, Ihre IP-Adresse und \u00e4hnliches.<\/span><\/p>\n<p><span style=\"font-weight: 400;\">Dies aus folgendem Grund:<\/span><\/p>\n<p><span style=\"font-weight: 400;\">&#8211; Sicherstellung eines problemlosen Verbindungsaufbaus der Website<\/span><\/p>\n<p><span style=\"font-weight: 400;\">&#8211; Sicherstellung einer reibungslosen Nutzung unserer Website<\/span><\/p>\n<p><span style=\"font-weight: 400;\">&#8211; Auswertung der Systemsicherheit und -stabilit\u00e4t sowie<\/span><\/p>\n<p><span style=\"font-weight: 400;\">&#8211; zu weiteren administrativen Zwecken<\/span><\/p>\n<p><span style=\"font-weight: 400;\">Ihre Daten werden nicht verwendet, um R\u00fcckschl\u00fcsse auf Ihre Person zu ziehen. Informationen dieser Art werden lediglich statistisch ausgewertet, um unseren Internetauftritt und die dahinterstehende Technik zu optimieren.<\/span><\/p>\n<p><b>Speicherdauer<\/b><\/p>\n<p><span style=\"font-weight: 400;\">Die Daten werden gel\u00f6scht, sobald diese f\u00fcr den Zweck der Erhebung nicht mehr erforderlich sind. Dies ist f\u00fcr die Daten, die der Bereitstellung der Webseite dienen, grunds\u00e4tzlich der Fall, wenn die jeweilige Sitzung beendet ist.<\/span><\/p>\n<p><b>Datenschutzerkl\u00e4rung f\u00fcr Kommentare<\/b><\/p>\n<p><span style=\"font-weight: 400;\">Wenn Besucher Kommentare auf der Website schreiben, sammeln wir die Daten, die im Kommentar-Formular angezeigt werden, ausserdem die IP-Adresse des Besuchers und den User-Agent-String (damit wird der Browser identifiziert), um die Erkennung von Spam zu unterst\u00fctzen.<\/span><\/p>\n<p><b>Datenschutzerkl\u00e4rung f\u00fcr die Verwendung von Kontaktformularen<\/b><\/p>\n<p><span style=\"font-weight: 400;\">Daten werden dabei nur streng zweckgebunden zur Bearbeitung und Beantwortung von Anfragen benutzt. Mit dem Absenden des Kontaktformulars erkl\u00e4rt sich die betroffene Person mit der Verarbeitung einverstanden. Nach Abschluss der Bearbeitung der Anfrage der betroffenen Person werden die erhobenen Daten gel\u00f6scht, insofern diese nicht f\u00fcr die weitere Bearbeitung der Anfrage oder eines daraufhin entstandenen Auftrags weiter ben\u00f6tigt werden.\u00a0\u00a0\u00a0\u00a0\u00a0\u00a0\u00a0<\/span><\/p>\n<p><b>Datenschutzerkl\u00e4rung f\u00fcr die Verwendung von Scriptbibliotheken<\/b><\/p>\n<p><span style=\"font-weight: 400;\">Um unsere Inhalte browser\u00fcbergreifend korrekt und grafisch ansprechend darzustellen, verwenden wir auf dieser Website \u201eGoogle Web Fonts\u201c der Google LLC (1600 Amphitheatre Parkway, Mountain View, CA 94043, USA; nachfolgend \u201eGoogle\u201c) zur Darstellung von Schriften.<\/span><\/p>\n<p><span style=\"font-weight: 400;\">Die Datenschutzrichtlinie des Bibliothekbetreibers Google finden Sie hier: https:\/\/www.google.com\/policies\/privacy\/<\/span><\/p>\n<p><b>Datenschutzerkl\u00e4rung f\u00fcr die Verwendung von Google Maps<\/b><\/p>\n<p><span style=\"font-weight: 400;\">Auf dieser Webseite nutzen wir das Angebot von Google Maps. Google Maps wird von Google LLC, 1600 Amphitheatre Parkway, Mountain View, CA 94043, USA (nachfolgend \u201eGoogle\u201c) betrieben. Dadurch k\u00f6nnen wir Ihnen interaktive Karten direkt in der Webseite anzeigen und erm\u00f6glichen Ihnen die komfortable Nutzung der Karten-Funktion.<\/span><\/p>\n<p><span style=\"font-weight: 400;\">N\u00e4here Informationen \u00fcber die Datenverarbeitung durch Google k\u00f6nnen Sie den Google-Datenschutzhinweisen entnehmen. Dort k\u00f6nnen Sie im Datenschutzcenter auch Ihre pers\u00f6nlichen Datenschutz-Einstellungen ver\u00e4ndern.<\/span><\/p>\n<p><b>Datenschutzerkl\u00e4rung f\u00fcr eingebettete YouTube-Videos<\/b><\/p>\n<p><span style=\"font-weight: 400;\">Auf einigen unserer Webseiten betten wir YouTube-Videos ein. Betreiber der entsprechenden Plugins ist die YouTube, LLC, 901 Cherry Ave., San Bruno, CA 94066, USA (nachfolgend \u201eYouTube\u201c). Wenn Sie eine Seite mit dem YouTube-Plugin besuchen, wird eine Verbindung zu Servern von YouTube hergestellt. Dabei wird YouTube mitgeteilt, welche Seiten Sie besuchen. Wenn Sie in Ihrem YouTube-Account eingeloggt sind, kann YouTube Ihr Surfverhalten Ihnen pers\u00f6nlich zuzuordnen. Dies verhindern Sie, indem Sie sich vorher aus Ihrem YouTube-Account ausloggen.<\/span><\/p>\n<p><span style=\"font-weight: 400;\">Wird ein YouTube-Video gestartet, setzt der Anbieter Cookies ein, die Hinweise \u00fcber das Nutzerverhalten sammeln.<\/span><\/p>\n<p><b>Datenschutzerkl\u00e4rung f\u00fcr die Nutzung von Google Analytics<\/b><\/p>\n<p><span style=\"font-weight: 400;\">Diese Website benutzt Google Analytics, einen Webanalysedienst der Google Inc. (&#8220;Google&#8221;), <\/span><span style=\"font-weight: 400;\">mit der Erweiterung \u201e_anonymizeIp()\u201c. Dabei werden IP-Adressen gek\u00fcrzt weiterverarbeitet, eine Personenbeziehbarkeit kann damit ausgeschlossen werden. Soweit den \u00fcber Sie erhobenen Daten ein Personenbezug zukommt, wird dieser also sofort ausgeschlossen und die personenbezogenen Daten werden damit umgehend gel\u00f6scht.<\/span><\/p>\n<p><span style=\"font-weight: 400;\">Google Analytics verwendet sog. &#8220;Cookies&#8221;, Textdateien, die auf Ihrem Computer gespeichert werden und die eine Analyse der Benutzung der Website durch Sie erm\u00f6glichen. Die durch den Cookie erzeugten Informationen \u00fcber Ihre Benutzung dieser Website werden in der Regel an einen Server von Google in den USA \u00fcbertragen und dort gespeichert. Durch die Aktivierung der IP-Anonymisierung auf dieser Webseite wird Ihre IP-Adresse von Google jedoch zuvor gek\u00fcrzt und ist nicht mehr zuweisbar. Nur in Ausnahmef\u00e4llen wird die volle IP-Adresse an einen Server von Google in den USA \u00fcbertragen, dort aber dann gek\u00fcrzt. Google wird diese Informationen benutzen, um Ihre Nutzung der Website auszuwerten, um Reports \u00fcber die Webseitenaktivit\u00e4ten f\u00fcr die Webseitenbetreiber zusammenzustellen und um weitere mit der Websitenutzung und der Internetnutzung verbundene Dienstleistungen zu erbringen. Auch wird Google diese Informationen gegebenenfalls an Dritte \u00fcbertragen, sofern dies gesetzlich vorgeschrieben oder soweit Dritte diese Daten im Auftrag von Google verarbeiten. Die im Rahmen von Google Analytics von Ihrem Browser \u00fcbermittelte IP-Adresse wird nicht mit anderen Daten von Google zusammengef\u00fchrt. Sie k\u00f6nnen die Installation der Cookies durch eine entsprechende Einstellung Ihrer Browser Software verhindern; wir weisen Sie jedoch darauf hin, dass Sie in diesem Fall gegebenenfalls nicht s\u00e4mtliche Funktionen dieser Website voll umf\u00e4nglich nutzen k\u00f6nnen. Durch die Nutzung dieser Website erkl\u00e4ren Sie sich mit der Bearbeitung der \u00fcber Sie erhobenen Daten durch Google in der zuvor beschriebenen Art und Weise und zu dem zuvor benannten Zweck einverstanden.<\/span><\/p>\n<p><b>Welche Rechte Sie an Ihren Daten haben<\/b><\/p>\n<p><span style=\"font-weight: 400;\">Wenn Sie ein Konto auf dieser Website besitzen oder Kommentare geschrieben haben, k\u00f6nnen Sie einen Export Ihrer personenbezogenen Daten bei uns anfordern, inklusive aller Daten, die Sie uns mitgeteilt haben. Dar\u00fcber hinaus k\u00f6nnen Sie die L\u00f6schung aller personenbezogenen Daten, die wir von Ihnen gespeichert haben, anfordern. Dies umfasst nicht die Daten, die wir aufgrund administrativer, rechtlicher oder sicherheitsrelevanter Notwendigkeiten aufbewahren m\u00fcssen.<\/span><\/p>\n<p><b>SSL-Verschl\u00fcsselung<\/b><\/p>\n<p><span style=\"font-weight: 400;\">Um die Sicherheit Ihrer Daten bei der \u00dcbertragung zu sch\u00fctzen, verwenden wir dem aktuellen Stand der Technik entsprechende Verschl\u00fcsselungsverfahren (z. B. SSL) \u00fcber HTTPS.<\/span><\/p>\n<p><b>\u00c4nderungen<\/b><\/p>\n<p><span style=\"font-weight: 400;\">Wir k\u00f6nnen diese Datenschutzerkl\u00e4rung jederzeit ohne Vorank\u00fcndigung anpassen. Es gilt die jeweils aktuelle, auf unserer Website publizierte Fassung.<\/span><\/p>\n<p><span style=\"font-weight: 400;\">Fragen an den Datenschutzbeauftragten<\/span><\/p>\n<p><span style=\"font-weight: 400;\">Wenn Sie Fragen zum Datenschutz haben, schreiben Sie uns bitte eine E-Mail oder wenden Sie sich direkt an die f\u00fcr den Datenschutz zu Beginn der Datenschutzerkl\u00e4rung aufgef\u00fchrten, verantwortlichen Person in unserer Organisation.<\/span><\/p>\n<\/div><\/section><br \/>\n\n<style type=\"text\/css\" data-created_by=\"avia_inline_auto\" id=\"style-css-av-av_heading-3ee2601d72716ce88f042bc3bb197a85\">\n#top .av-special-heading.av-av_heading-3ee2601d72716ce88f042bc3bb197a85{\npadding-bottom:10px;\n}\nbody .av-special-heading.av-av_heading-3ee2601d72716ce88f042bc3bb197a85 .av-special-heading-tag .heading-char{\nfont-size:25px;\n}\n.av-special-heading.av-av_heading-3ee2601d72716ce88f042bc3bb197a85 .av-subheading{\nfont-size:15px;\n}\n<\/style>\n<div  class='av-special-heading av-av_heading-3ee2601d72716ce88f042bc3bb197a85 av-special-heading-h2 blockquote modern-quote  avia-builder-el-5  el_after_av_textblock  el_before_av_hr '><h2 class='av-special-heading-tag'  itemprop=\"headline\"  >Verwendung von Cookies<\/h2><div class=\"special-heading-border\"><div class=\"special-heading-inner-border\"><\/div><\/div><\/div><br \/>\n<div  class='hr av-16qv2-330d46defe787693b7b695e45dfe842a hr-default  avia-builder-el-6  el_after_av_heading  el_before_av_textblock '><span class='hr-inner '><span class=\"hr-inner-style\"><\/span><\/span><\/div><br \/>\n<section  class='av_textblock_section av-ka6hk9j9-ecf3c40f2409e5e1a5b7772437e1c467 '   itemscope=\"itemscope\" itemtype=\"https:\/\/schema.org\/CreativeWork\" ><div class='avia_textblock'  itemprop=\"text\" ><p><span style=\"font-weight: 400;\">Diese Webseite verwendet Cookies. Cookies sind kleine Textdateien, die beim Besuch dieser Website in Ihrem Computer dauerhaft oder tempor\u00e4r gespeichert werden. Zweck der Cookies ist insbesondere die Analyse der Nutzung dieser Website zur statistischen Auswertung sowie f\u00fcr kontinuierliche Verbesserungen. In Ihrem Browser k\u00f6nnen Sie Cookies in den Einstellungen jederzeit ganz oder teilweise deaktivieren. Bei deaktivierten Cookies stehen Ihnen allenfalls nicht mehr alle Funktionen dieser Website zur Verf\u00fcgung.<\/span><\/p>\n<\/div><\/section><\/p><\/div><\/div><\/div><\/main><!-- close content main element --><\/div><\/div><div id='after_section_1'  class='main_color av_default_container_wrap container_wrap sidebar_right'  ><div class='container av-section-cont-open' ><div class='template-page content  av-content-small alpha units'><div class='post-entry post-entry-type-page post-entry-1813'><div class='entry-content-wrapper clearfix'>\n","protected":false},"excerpt":{"rendered":"","protected":false},"author":4,"featured_media":0,"parent":0,"menu_order":0,"comment_status":"closed","ping_status":"closed","template":"","meta":{"footnotes":""},"class_list":["post-1813","page","type-page","status-publish","hentry"],"yoast_head":"<!-- This site is optimized with the Yoast SEO plugin v27.4 - https:\/\/yoast.com\/product\/yoast-seo-wordpress\/ -->\n<title>Privacy Policy - Kipfer Logistik<\/title>\n<meta name=\"robots\" content=\"index, follow, max-snippet:-1, max-image-preview:large, max-video-preview:-1\" \/>\n<link rel=\"canonical\" href=\"https:\/\/kipfer-logistik.ch\/en\/privacy-policy\/\" \/>\n<meta property=\"og:locale\" content=\"en_US\" \/>\n<meta property=\"og:type\" content=\"article\" \/>\n<meta property=\"og:title\" content=\"Privacy Policy - Kipfer Logistik\" \/>\n<meta property=\"og:url\" content=\"https:\/\/kipfer-logistik.ch\/en\/privacy-policy\/\" \/>\n<meta property=\"og:site_name\" content=\"Kipfer Logistik\" \/>\n<meta property=\"article:modified_time\" content=\"2020-12-21T09:46:18+00:00\" \/>\n<meta name=\"twitter:card\" content=\"summary_large_image\" \/>\n<meta name=\"twitter:label1\" content=\"Est. reading time\" \/>\n\t<meta name=\"twitter:data1\" content=\"9 minutes\" \/>\n<script type=\"application\/ld+json\" class=\"yoast-schema-graph\">{\"@context\":\"https:\\\/\\\/schema.org\",\"@graph\":[{\"@type\":\"WebPage\",\"@id\":\"https:\\\/\\\/kipfer-logistik.ch\\\/en\\\/privacy-policy\\\/\",\"url\":\"https:\\\/\\\/kipfer-logistik.ch\\\/en\\\/privacy-policy\\\/\",\"name\":\"Privacy Policy - Kipfer Logistik\",\"isPartOf\":{\"@id\":\"https:\\\/\\\/kipfer-logistik.ch\\\/en\\\/#website\"},\"datePublished\":\"2019-07-28T09:24:59+00:00\",\"dateModified\":\"2020-12-21T09:46:18+00:00\",\"breadcrumb\":{\"@id\":\"https:\\\/\\\/kipfer-logistik.ch\\\/en\\\/privacy-policy\\\/#breadcrumb\"},\"inLanguage\":\"en-US\",\"potentialAction\":[{\"@type\":\"ReadAction\",\"target\":[\"https:\\\/\\\/kipfer-logistik.ch\\\/en\\\/privacy-policy\\\/\"]}]},{\"@type\":\"BreadcrumbList\",\"@id\":\"https:\\\/\\\/kipfer-logistik.ch\\\/en\\\/privacy-policy\\\/#breadcrumb\",\"itemListElement\":[{\"@type\":\"ListItem\",\"position\":1,\"name\":\"Home\",\"item\":\"https:\\\/\\\/kipfer-logistik.ch\\\/en\\\/home\\\/\"},{\"@type\":\"ListItem\",\"position\":2,\"name\":\"Privacy Policy\"}]},{\"@type\":\"WebSite\",\"@id\":\"https:\\\/\\\/kipfer-logistik.ch\\\/en\\\/#website\",\"url\":\"https:\\\/\\\/kipfer-logistik.ch\\\/en\\\/\",\"name\":\"Kipfer Logistik\",\"description\":\"\",\"potentialAction\":[{\"@type\":\"SearchAction\",\"target\":{\"@type\":\"EntryPoint\",\"urlTemplate\":\"https:\\\/\\\/kipfer-logistik.ch\\\/en\\\/?s={search_term_string}\"},\"query-input\":{\"@type\":\"PropertyValueSpecification\",\"valueRequired\":true,\"valueName\":\"search_term_string\"}}],\"inLanguage\":\"en-US\"}]}<\/script>\n<!-- \/ Yoast SEO plugin. -->","yoast_head_json":{"title":"Privacy Policy - Kipfer Logistik","robots":{"index":"index","follow":"follow","max-snippet":"max-snippet:-1","max-image-preview":"max-image-preview:large","max-video-preview":"max-video-preview:-1"},"canonical":"https:\/\/kipfer-logistik.ch\/en\/privacy-policy\/","og_locale":"en_US","og_type":"article","og_title":"Privacy Policy - Kipfer Logistik","og_url":"https:\/\/kipfer-logistik.ch\/en\/privacy-policy\/","og_site_name":"Kipfer Logistik","article_modified_time":"2020-12-21T09:46:18+00:00","twitter_card":"summary_large_image","twitter_misc":{"Est. reading time":"9 minutes"},"schema":{"@context":"https:\/\/schema.org","@graph":[{"@type":"WebPage","@id":"https:\/\/kipfer-logistik.ch\/en\/privacy-policy\/","url":"https:\/\/kipfer-logistik.ch\/en\/privacy-policy\/","name":"Privacy Policy - Kipfer Logistik","isPartOf":{"@id":"https:\/\/kipfer-logistik.ch\/en\/#website"},"datePublished":"2019-07-28T09:24:59+00:00","dateModified":"2020-12-21T09:46:18+00:00","breadcrumb":{"@id":"https:\/\/kipfer-logistik.ch\/en\/privacy-policy\/#breadcrumb"},"inLanguage":"en-US","potentialAction":[{"@type":"ReadAction","target":["https:\/\/kipfer-logistik.ch\/en\/privacy-policy\/"]}]},{"@type":"BreadcrumbList","@id":"https:\/\/kipfer-logistik.ch\/en\/privacy-policy\/#breadcrumb","itemListElement":[{"@type":"ListItem","position":1,"name":"Home","item":"https:\/\/kipfer-logistik.ch\/en\/home\/"},{"@type":"ListItem","position":2,"name":"Privacy Policy"}]},{"@type":"WebSite","@id":"https:\/\/kipfer-logistik.ch\/en\/#website","url":"https:\/\/kipfer-logistik.ch\/en\/","name":"Kipfer Logistik","description":"","potentialAction":[{"@type":"SearchAction","target":{"@type":"EntryPoint","urlTemplate":"https:\/\/kipfer-logistik.ch\/en\/?s={search_term_string}"},"query-input":{"@type":"PropertyValueSpecification","valueRequired":true,"valueName":"search_term_string"}}],"inLanguage":"en-US"}]}},"_links":{"self":[{"href":"https:\/\/kipfer-logistik.ch\/en\/wp-json\/wp\/v2\/pages\/1813","targetHints":{"allow":["GET"]}}],"collection":[{"href":"https:\/\/kipfer-logistik.ch\/en\/wp-json\/wp\/v2\/pages"}],"about":[{"href":"https:\/\/kipfer-logistik.ch\/en\/wp-json\/wp\/v2\/types\/page"}],"author":[{"embeddable":true,"href":"https:\/\/kipfer-logistik.ch\/en\/wp-json\/wp\/v2\/users\/4"}],"replies":[{"embeddable":true,"href":"https:\/\/kipfer-logistik.ch\/en\/wp-json\/wp\/v2\/comments?post=1813"}],"version-history":[{"count":3,"href":"https:\/\/kipfer-logistik.ch\/en\/wp-json\/wp\/v2\/pages\/1813\/revisions"}],"predecessor-version":[{"id":2191,"href":"https:\/\/kipfer-logistik.ch\/en\/wp-json\/wp\/v2\/pages\/1813\/revisions\/2191"}],"wp:attachment":[{"href":"https:\/\/kipfer-logistik.ch\/en\/wp-json\/wp\/v2\/media?parent=1813"}],"curies":[{"name":"wp","href":"https:\/\/api.w.org\/{rel}","templated":true}]}}